{"id":13,"date":"2025-06-27T15:03:03","date_gmt":"2025-06-27T15:03:03","guid":{"rendered":"https:\/\/druebbelken.vmhq.de\/?page_id=13"},"modified":"2025-06-27T15:03:06","modified_gmt":"2025-06-27T15:03:06","slug":"altes-gasthaus-druebbelken-muenster","status":"publish","type":"page","link":"https:\/\/druebbelken.vmhq.de\/?page_id=13","title":{"rendered":"Altes Gasthaus Dr\u00fcbbelken M\u00fcnster"},"content":{"rendered":"","protected":true},"excerpt":{"rendered":"","protected":true},"author":1,"featured_media":0,"parent":0,"menu_order":0,"comment_status":"closed","ping_status":"closed","template":"page-template-blank.php","meta":{"_et_pb_use_builder":"on","_et_pb_old_content":"","_et_gb_content_width":"1080","footnotes":""},"class_list":["post-13","page","type-page","status-publish","post-password-required","hentry"],"yoast_head":"<!-- This site is optimized with the Yoast SEO plugin v27.5 - https:\/\/yoast.com\/product\/yoast-seo-wordpress\/ -->\n<title>Altes Gasthaus Dr\u00fcbbelken M\u00fcnster - Altes Gasthaus Dr\u00fcbbelken in M\u00fcnster<\/title>\n<meta name=\"robots\" content=\"noindex, follow, max-snippet:-1, max-image-preview:large, max-video-preview:-1\" \/>\n<meta property=\"og:locale\" content=\"de_DE\" \/>\n<meta property=\"og:type\" content=\"article\" \/>\n<meta property=\"og:title\" content=\"Altes Gasthaus Dr\u00fcbbelken M\u00fcnster - Altes Gasthaus Dr\u00fcbbelken in M\u00fcnster\" \/>\n<meta property=\"og:description\" content=\"Es gibt keinen Textauszug, da dies ein gesch\u00fctzter Beitrag ist.\" \/>\n<meta property=\"og:url\" content=\"https:\/\/druebbelken.vmhq.de\/?page_id=13\" \/>\n<meta property=\"og:site_name\" content=\"Altes Gasthaus Dr\u00fcbbelken in M\u00fcnster\" \/>\n<meta property=\"article:modified_time\" content=\"2025-06-27T15:03:06+00:00\" \/>\n<script type=\"application\/ld+json\" class=\"yoast-schema-graph\">{\"@context\":\"https:\\\/\\\/schema.org\",\"@graph\":[{\"@type\":\"WebPage\",\"@id\":\"https:\\\/\\\/druebbelken.vmhq.de\\\/?page_id=13\",\"url\":\"https:\\\/\\\/druebbelken.vmhq.de\\\/?page_id=13\",\"name\":\"Altes Gasthaus Dr\u00fcbbelken M\u00fcnster - Altes Gasthaus Dr\u00fcbbelken in M\u00fcnster\",\"isPartOf\":{\"@id\":\"https:\\\/\\\/druebbelken.vmhq.de\\\/#website\"},\"datePublished\":\"2025-06-27T15:03:03+00:00\",\"dateModified\":\"2025-06-27T15:03:06+00:00\",\"breadcrumb\":{\"@id\":\"https:\\\/\\\/druebbelken.vmhq.de\\\/?page_id=13#breadcrumb\"},\"inLanguage\":\"de\"},{\"@type\":\"WebSite\",\"@id\":\"https:\\\/\\\/druebbelken.vmhq.de\\\/#website\",\"url\":\"https:\\\/\\\/druebbelken.vmhq.de\\\/\",\"name\":\"Altes Gasthaus Dr\u00fcbbelken in M\u00fcnster\",\"description\":\"\",\"publisher\":{\"@id\":\"https:\\\/\\\/druebbelken.vmhq.de\\\/#organization\"},\"potentialAction\":[{\"@type\":\"SearchAction\",\"target\":{\"@type\":\"EntryPoint\",\"urlTemplate\":\"https:\\\/\\\/druebbelken.vmhq.de\\\/?s={search_term_string}\"},\"query-input\":{\"@type\":\"PropertyValueSpecification\",\"valueRequired\":true,\"valueName\":\"search_term_string\"}}],\"inLanguage\":\"de\"},{\"@type\":\"Organization\",\"@id\":\"https:\\\/\\\/druebbelken.vmhq.de\\\/#organization\",\"name\":\"Altes Gasthaus Dr\u00fcbbelken in M\u00fcnster\",\"url\":\"https:\\\/\\\/druebbelken.vmhq.de\\\/\",\"logo\":{\"@type\":\"ImageObject\",\"inLanguage\":\"de\",\"@id\":\"https:\\\/\\\/druebbelken.vmhq.de\\\/#\\\/schema\\\/logo\\\/image\\\/\",\"url\":\"https:\\\/\\\/druebbelken.vmhq.de\\\/wp-content\\\/uploads\\\/2025\\\/04\\\/altes_gasthaus_druebbelken_muenster_-45.jpg\",\"contentUrl\":\"https:\\\/\\\/druebbelken.vmhq.de\\\/wp-content\\\/uploads\\\/2025\\\/04\\\/altes_gasthaus_druebbelken_muenster_-45.jpg\",\"width\":1080,\"height\":1069,\"caption\":\"Altes Gasthaus Dr\u00fcbbelken in M\u00fcnster\"},\"image\":{\"@id\":\"https:\\\/\\\/druebbelken.vmhq.de\\\/#\\\/schema\\\/logo\\\/image\\\/\"},\"sameAs\":[\"https:\\\/\\\/www.instagram.com\\\/altesgasthausdruebbelken\\\/\"]}]}<\/script>\n<!-- \/ Yoast SEO plugin. -->","yoast_head_json":{"title":"Altes Gasthaus Dr\u00fcbbelken M\u00fcnster - Altes Gasthaus Dr\u00fcbbelken in M\u00fcnster","robots":{"index":"noindex","follow":"follow","max-snippet":"max-snippet:-1","max-image-preview":"max-image-preview:large","max-video-preview":"max-video-preview:-1"},"og_locale":"de_DE","og_type":"article","og_title":"Altes Gasthaus Dr\u00fcbbelken M\u00fcnster - Altes Gasthaus Dr\u00fcbbelken in M\u00fcnster","og_description":"Es gibt keinen Textauszug, da dies ein gesch\u00fctzter Beitrag ist.","og_url":"https:\/\/druebbelken.vmhq.de\/?page_id=13","og_site_name":"Altes Gasthaus Dr\u00fcbbelken in M\u00fcnster","article_modified_time":"2025-06-27T15:03:06+00:00","schema":{"@context":"https:\/\/schema.org","@graph":[{"@type":"WebPage","@id":"https:\/\/druebbelken.vmhq.de\/?page_id=13","url":"https:\/\/druebbelken.vmhq.de\/?page_id=13","name":"Altes Gasthaus Dr\u00fcbbelken M\u00fcnster - Altes Gasthaus Dr\u00fcbbelken in M\u00fcnster","isPartOf":{"@id":"https:\/\/druebbelken.vmhq.de\/#website"},"datePublished":"2025-06-27T15:03:03+00:00","dateModified":"2025-06-27T15:03:06+00:00","breadcrumb":{"@id":"https:\/\/druebbelken.vmhq.de\/?page_id=13#breadcrumb"},"inLanguage":"de"},{"@type":"WebSite","@id":"https:\/\/druebbelken.vmhq.de\/#website","url":"https:\/\/druebbelken.vmhq.de\/","name":"Altes Gasthaus Dr\u00fcbbelken in M\u00fcnster","description":"","publisher":{"@id":"https:\/\/druebbelken.vmhq.de\/#organization"},"potentialAction":[{"@type":"SearchAction","target":{"@type":"EntryPoint","urlTemplate":"https:\/\/druebbelken.vmhq.de\/?s={search_term_string}"},"query-input":{"@type":"PropertyValueSpecification","valueRequired":true,"valueName":"search_term_string"}}],"inLanguage":"de"},{"@type":"Organization","@id":"https:\/\/druebbelken.vmhq.de\/#organization","name":"Altes Gasthaus Dr\u00fcbbelken in M\u00fcnster","url":"https:\/\/druebbelken.vmhq.de\/","logo":{"@type":"ImageObject","inLanguage":"de","@id":"https:\/\/druebbelken.vmhq.de\/#\/schema\/logo\/image\/","url":"https:\/\/druebbelken.vmhq.de\/wp-content\/uploads\/2025\/04\/altes_gasthaus_druebbelken_muenster_-45.jpg","contentUrl":"https:\/\/druebbelken.vmhq.de\/wp-content\/uploads\/2025\/04\/altes_gasthaus_druebbelken_muenster_-45.jpg","width":1080,"height":1069,"caption":"Altes Gasthaus Dr\u00fcbbelken in M\u00fcnster"},"image":{"@id":"https:\/\/druebbelken.vmhq.de\/#\/schema\/logo\/image\/"},"sameAs":["https:\/\/www.instagram.com\/altesgasthausdruebbelken\/"]}]}},"_links":{"self":[{"href":"https:\/\/druebbelken.vmhq.de\/index.php?rest_route=\/wp\/v2\/pages\/13","targetHints":{"allow":["GET"]}}],"collection":[{"href":"https:\/\/druebbelken.vmhq.de\/index.php?rest_route=\/wp\/v2\/pages"}],"about":[{"href":"https:\/\/druebbelken.vmhq.de\/index.php?rest_route=\/wp\/v2\/types\/page"}],"author":[{"embeddable":true,"href":"https:\/\/druebbelken.vmhq.de\/index.php?rest_route=\/wp\/v2\/users\/1"}],"replies":[{"embeddable":true,"href":"https:\/\/druebbelken.vmhq.de\/index.php?rest_route=%2Fwp%2Fv2%2Fcomments&post=13"}],"version-history":[{"count":6,"href":"https:\/\/druebbelken.vmhq.de\/index.php?rest_route=\/wp\/v2\/pages\/13\/revisions"}],"predecessor-version":[{"id":40,"href":"https:\/\/druebbelken.vmhq.de\/index.php?rest_route=\/wp\/v2\/pages\/13\/revisions\/40"}],"wp:attachment":[{"href":"https:\/\/druebbelken.vmhq.de\/index.php?rest_route=%2Fwp%2Fv2%2Fmedia&parent=13"}],"curies":[{"name":"wp","href":"https:\/\/api.w.org\/{rel}","templated":true}]}}